{"id":3439,"date":"2025-01-10T22:45:19","date_gmt":"2025-01-10T19:45:19","guid":{"rendered":"https:\/\/crodcoffee.com\/?post_type=product&#038;p=3439"},"modified":"2025-01-11T01:50:18","modified_gmt":"2025-01-10T22:50:18","slug":"philadelphia-cheesecake","status":"publish","type":"product","link":"https:\/\/www.crodcoffee.com\/?product=philadelphia-cheesecake","title":{"rendered":"Philadelphia Cheesecake"},"content":{"rendered":"<p>Philadelphia peyniri ve bur\u00e7ak bisk\u00fcvinin m\u00fckemmel uyumu, taze meyvelerle ta\u00e7lan\u0131yor; her lokmada kremams\u0131 bir doku ve taze bir tat hissediliyor!<\/p>\n","protected":false},"excerpt":{"rendered":"<p>Philadelphia peyniri ve bur\u00e7ak bisk\u00fcvinin m\u00fckemmel uyumu, taze meyvelerle ta\u00e7lan\u0131yor; her lokmada kremams\u0131 bir doku ve taze bir tat hissediliyor!<\/p>\n","protected":false},"featured_media":3570,"template":"","meta":[],"product_cat":[45],"product_tag":[],"class_list":{"0":"post-3439","1":"product","2":"type-product","3":"status-publish","4":"has-post-thumbnail","6":"product_cat-cheesecake","8":"first","9":"instock","10":"shipping-taxable","11":"purchasable","12":"product-type-simple"},"_links":{"self":[{"href":"https:\/\/www.crodcoffee.com\/index.php?rest_route=\/wp\/v2\/product\/3439","targetHints":{"allow":["GET"]}}],"collection":[{"href":"https:\/\/www.crodcoffee.com\/index.php?rest_route=\/wp\/v2\/product"}],"about":[{"href":"https:\/\/www.crodcoffee.com\/index.php?rest_route=\/wp\/v2\/types\/product"}],"wp:featuredmedia":[{"embeddable":true,"href":"https:\/\/www.crodcoffee.com\/index.php?rest_route=\/wp\/v2\/media\/3570"}],"wp:attachment":[{"href":"https:\/\/www.crodcoffee.com\/index.php?rest_route=%2Fwp%2Fv2%2Fmedia&parent=3439"}],"wp:term":[{"taxonomy":"product_cat","embeddable":true,"href":"https:\/\/www.crodcoffee.com\/index.php?rest_route=%2Fwp%2Fv2%2Fproduct_cat&post=3439"},{"taxonomy":"product_tag","embeddable":true,"href":"https:\/\/www.crodcoffee.com\/index.php?rest_route=%2Fwp%2Fv2%2Fproduct_tag&post=3439"}],"curies":[{"name":"wp","href":"https:\/\/api.w.org\/{rel}","templated":true}]}}